{"id":546,"date":"2023-03-17T08:50:26","date_gmt":"2023-03-17T06:50:26","guid":{"rendered":"http:\/\/skogsmatta.web130.webhotelli.fi\/?page_id=546"},"modified":"2025-02-04T11:27:55","modified_gmt":"2025-02-04T09:27:55","slug":"tietosuojaseloste","status":"publish","type":"page","link":"https:\/\/varasto.piiraisen.fi\/staging\/tietosuojaseloste\/","title":{"rendered":"Tietosuojaseloste"},"content":{"rendered":"<div class=\"row\" style=\"max-width:1200px\" id=\"row-97740526\">\n\n\t<div id=\"col-340818593\" class=\"col small-12 large-12\"  >\n\t\t\t\t<div class=\"col-inner\"  >\n\t\t\t\n\t\t\t\n\t<div id=\"text-876744199\" class=\"text\">\n\t\t\n<h1>Tietosuojaseloste<\/h1>\n\t\t\n<style>\n#text-876744199 {\n  color: rgb(6, 37, 57);\n}\n#text-876744199 > * {\n  color: rgb(6, 37, 57);\n}\n<\/style>\n\t<\/div>\n\t\n<h2>Ta\u0308ma\u0308n tietosuojaselosteen tarkoituksena on kertoa sinulle asiakkaamme, mink\u00e4 tyyppisi\u00e4 tietoja ker\u00e4\u00e4mme verkkosivuiltamme, miten tietoja k\u00e4sitell\u00e4\u00e4n ja miten ne on suojattu.<\/h2>\n<p>Lue siksi t\u00e4m\u00e4 tietosuojaseloste huolellisesti, mik\u00e4li aiot selata tai muulla tavalla k\u00e4ytt\u00e4\u00e4 sivustoa. Jos et hyv\u00e4ksy t\u00e4m\u00e4n tietosuojaselosteen ehtoja, sinun on poistuttava sivustolta.<\/p>\n\t\t<\/div>\n\t\t\t\t\t<\/div>\n\n\t\n<\/div>\n<div class=\"row\" style=\"max-width:1200px\" id=\"row-682548141\">\n\n\t<div id=\"col-967408421\" class=\"col small-12 large-12\"  >\n\t\t\t\t<div class=\"col-inner\"  >\n\t\t\t\n\t\t\t\n\t<div id=\"text-4231738388\" class=\"text\">\n\t\t\n<h4>1. Rekisterinpit\u00e4j\u00e4<\/h4>\n\t\t\n<style>\n#text-4231738388 {\n  color: rgb(6, 37, 57);\n}\n#text-4231738388 > * {\n  color: rgb(6, 37, 57);\n}\n<\/style>\n\t<\/div>\n\t\n<p>Piiraisen Viherpalvelu Oy<br \/>Y-Tunnus: 0704518-0<\/p>\n<p>Kirkkoahonkatu 5 A<br \/>87250, Kajaani<br \/>Suomi<\/p>\n\t\t<\/div>\n\t\t\t\t\t<\/div>\n\n\t\n<\/div>\n<div class=\"row\" style=\"max-width:1200px\" id=\"row-1021497037\">\n\n\t<div id=\"col-1113060998\" class=\"col small-12 large-12\"  >\n\t\t\t\t<div class=\"col-inner\"  >\n\t\t\t\n\t\t\t\n\t<div id=\"text-2252305972\" class=\"text\">\n\t\t\n<h4>2. Rekisterin nimi<\/h4>\n\t\t\n<style>\n#text-2252305972 {\n  color: rgb(6, 37, 57);\n}\n#text-2252305972 > * {\n  color: rgb(6, 37, 57);\n}\n<\/style>\n\t<\/div>\n\t\n<p>Asiakasrekisteri<\/p>\n\t\t<\/div>\n\t\t\t\t\t<\/div>\n\n\t\n<\/div>\n<div class=\"row\" style=\"max-width:1200px\" id=\"row-1370314132\">\n\n\t<div id=\"col-2061733162\" class=\"col small-12 large-12\"  >\n\t\t\t\t<div class=\"col-inner\"  >\n\t\t\t\n\t\t\t\n\t<div id=\"text-1540036084\" class=\"text\">\n\t\t\n<h4>3. Henkil\u00f6tietojen k\u00e4sittelyn tarkoitus<\/h4>\n\t\t\n<style>\n#text-1540036084 {\n  color: rgb(6, 37, 57);\n}\n#text-1540036084 > * {\n  color: rgb(6, 37, 57);\n}\n<\/style>\n\t<\/div>\n\t\n<p>K\u00e4sittelyn tarkoituksena on asiakassuhteen yll\u00e4pito, hoitaminen ja kehitt\u00e4minen sek\u00e4 asiakkaan ja rekisterinpit\u00e4j\u00e4n oikeuksien ja velvollisuuksien toteuttaminen. Lis\u00e4ksi henkil\u00f6tietolain mukainen henkil\u00f6tietojen k\u00e4sittely verkkopalveluihin liittyviin tarkoituksiin, tutkimustoimintaan ja rekisterinpit\u00e4j\u00e4n mainonnan ja \/ tai suoramarkkinoinnin suuntaamiseen asiakastietojen perusteella rekisterinpit\u00e4j\u00e4n kanavien kautta.<\/p>\n\t\t<\/div>\n\t\t\t\t\t<\/div>\n\n\t\n<\/div>\n<div class=\"row\" style=\"max-width:1200px\" id=\"row-1609043197\">\n\n\t<div id=\"col-1870783530\" class=\"col small-12 large-12\"  >\n\t\t\t\t<div class=\"col-inner\"  >\n\t\t\t\n\t\t\t\n\t<div id=\"text-3876711327\" class=\"text\">\n\t\t\n<h4>4. Rekisterin tietosis\u00e4lt\u00f6<\/h4>\n\t\t\n<style>\n#text-3876711327 {\n  color: rgb(6, 37, 57);\n}\n#text-3876711327 > * {\n  color: rgb(6, 37, 57);\n}\n<\/style>\n\t<\/div>\n\t\n<p>Rekisteriin tallennettavia tietoja voi olla mm. henkil\u00f6n nimi, asema, yritys \/ organisaatio, puhelinnumero, s\u00e4hk\u00f6postiosoite, osoite, www-sivusto, verkkoyhteyden ip-osoite, tunnukset \/ profiilit sosiaalisen median palveluissa, tiedot tilatuista palveluista ja niiden muutoksista, laskutustiedot, muut asiakassuhteeseen ja tilattuihin palveluihin liittyv\u00e4t tiedot.<\/p>\n<p>Verkkosivuston vierailijoiden ip-osoitteita ja palvelun toiminnoille v\u00e4ltt\u00e4m\u00e4tt\u00f6mi\u00e4 ev\u00e4steit\u00e4 k\u00e4sitell\u00e4\u00e4n oikeutetun edun perusteella mm. tietoturvasta huolehtimiseksi ja sivuston vierailijoiden tilastotietojen keruuta varten niiss\u00e4 tapauksissa, kun niiden voidaan katsoa olevan henkil\u00f6tietoja. Kolmansien osapuolten ev\u00e4steille pyydet\u00e4\u00e4n tarvittaessa suostumus erikseen.<\/p>\n\t\t<\/div>\n\t\t\t\t\t<\/div>\n\n\t\n<\/div>\n<div class=\"row\" style=\"max-width:1200px\" id=\"row-1725101652\">\n\n\t<div id=\"col-786476262\" class=\"col small-12 large-12\"  >\n\t\t\t\t<div class=\"col-inner\"  >\n\t\t\t\n\t\t\t\n\t<div id=\"text-3530733015\" class=\"text\">\n\t\t\n<h4>5. Rekisterin s\u00e4\u00e4nn\u00f6nmukaiset tietol\u00e4hteet<\/h4>\n\t\t\n<style>\n#text-3530733015 {\n  color: rgb(6, 37, 57);\n}\n#text-3530733015 > * {\n  color: rgb(6, 37, 57);\n}\n<\/style>\n\t<\/div>\n\t\n<p>Rekisteriin tallennettavat tiedot saadaan asiakkaalta mm. www-lomakkeilla l\u00e4hetetyist\u00e4 viesteist\u00e4, s\u00e4hk\u00f6postitse, puhelimitse, sosiaalisen median palvelujen kautta, sopimuksista, asiakastapaamisista ja muista tilanteista, joissa asiakas luovuttaa tietojaan.<\/p>\n<p>Yritysten ja muiden organisaatioiden yhteyshenkil\u00f6iden tietoja voidaan ker\u00e4t\u00e4 my\u00f6s julkisista l\u00e4hteist\u00e4 kuten verkkosivuilta, hakemistopalveluista ja muilta yrityksilt\u00e4.<\/p>\n\t\t<\/div>\n\t\t\t\t\t<\/div>\n\n\t\n<\/div>\n<div class=\"row\" style=\"max-width:1200px\" id=\"row-940868026\">\n\n\t<div id=\"col-1639648737\" class=\"col small-12 large-12\"  >\n\t\t\t\t<div class=\"col-inner\"  >\n\t\t\t\n\t\t\t\n\t<div id=\"text-2626103376\" class=\"text\">\n\t\t\n<h4>6. Tietojen siirto EU:n tai ETA:n ulkopuolelle<\/h4>\n\t\t\n<style>\n#text-2626103376 {\n  color: rgb(6, 37, 57);\n}\n#text-2626103376 > * {\n  color: rgb(6, 37, 57);\n}\n<\/style>\n\t<\/div>\n\t\n<p>Tietoja ei luovuteta s\u00e4\u00e4nn\u00f6nmukaisesti muille tahoille. Tietoja voidaan julkaista silt\u00e4 osin kuin niin on sovittu asiakkaan kanssa. Tietoja voidaan siirt\u00e4\u00e4 rekisterinpit\u00e4j\u00e4n toimesta my\u00f6s EU:n tai ETA:n ulkopuolelle. Tietoja ei siirret\u00e4 Yhdysvaltoihin ilman rekister\u00f6ityjen nimenomaista suostumusta.<\/p>\n\t\t<\/div>\n\t\t\t\t\t<\/div>\n\n\t\n<\/div>\n<div class=\"row\" style=\"max-width:1200px\" id=\"row-606468196\">\n\n\t<div id=\"col-429499225\" class=\"col small-12 large-12\"  >\n\t\t\t\t<div class=\"col-inner\"  >\n\t\t\t\n\t\t\t\n\t<div id=\"text-476332169\" class=\"text\">\n\t\t\n<h4>7. Tietojen poistaminen<\/h4>\n\t\t\n<style>\n#text-476332169 {\n  color: rgb(6, 37, 57);\n}\n#text-476332169 > * {\n  color: rgb(6, 37, 57);\n}\n<\/style>\n\t<\/div>\n\t\n<p>Rekister\u00f6ityn\u00e4 henkil\u00f6n\u00e4 sinulla on oikeus tutustua t\u00e4h\u00e4n rekisteriin tallennettuihin henkil\u00f6tietoihisi ja oikeus vaatia n\u00e4iden tietojen oikaisemista tai poistamista. Sinulla on my\u00f6s oikeus peruuttaa suostumuksesi tiedonsiirtoon. Kaikki t\u00e4h\u00e4n osaan liittyv\u00e4t pyynn\u00f6t ja vaatimukset on l\u00e4hetett\u00e4v\u00e4 kirjallisesti osoitteeseen, joka mainitaan 1. kohdassa.<\/p>\n\t\t<\/div>\n\t\t\t\t\t<\/div>\n\n\t\n<\/div>\n<div class=\"row\" style=\"max-width:1200px\" id=\"row-666397532\">\n\n\t<div id=\"col-1123205869\" class=\"col small-12 large-12\"  >\n\t\t\t\t<div class=\"col-inner\"  >\n\t\t\t\n\t\t\t\n\t<div id=\"text-2473583925\" class=\"text\">\n\t\t\n<h4>8. Rekisterin suojauksen periaatteet<\/h4>\n\t\t\n<style>\n#text-2473583925 {\n  color: rgb(6, 37, 57);\n}\n#text-2473583925 > * {\n  color: rgb(6, 37, 57);\n}\n<\/style>\n\t<\/div>\n\t\n<p>Rekisterin k\u00e4sittelyss\u00e4 noudatetaan huolellisuutta ja tietoj\u00e4rjestelmien avulla k\u00e4sitelt\u00e4v\u00e4t tiedot suojataan asianmukaisesti. Kun rekisteritietoja s\u00e4ilytet\u00e4\u00e4n internet-palvelimilla, niiden laitteiston fyysisest\u00e4 ja digitaalisesta tietoturvasta huolehditaan asiaankuuluvasti. Rekisterinpit\u00e4j\u00e4 huolehtii siit\u00e4, ett\u00e4 tallennettuja tietoja sek\u00e4 palvelimien k\u00e4ytt\u00f6oikeuksia ja muita henkil\u00f6tietojen turvallisuuden kannalta kriittisi\u00e4 tietoja k\u00e4sitell\u00e4\u00e4n luottamuksellisesti ja vain niiden ty\u00f6ntekij\u00f6iden toimesta, joiden ty\u00f6nkuvaan se kuuluu.<\/p>\n\t\t<\/div>\n\t\t\t\t\t<\/div>\n\n\t\n<\/div>\n<div class=\"row\" style=\"max-width:1200px\" id=\"row-163481363\">\n\n\t<div id=\"col-1505216623\" class=\"col small-12 large-12\"  >\n\t\t\t\t<div class=\"col-inner\"  >\n\t\t\t\n\t\t\t\n\t<div id=\"text-4136512137\" class=\"text\">\n\t\t\n<h4>9. Tarkastusoikeus ja oikeus vaatia tiedon korjaamista<\/h4>\n\t\t\n<style>\n#text-4136512137 {\n  color: rgb(6, 37, 57);\n}\n#text-4136512137 > * {\n  color: rgb(6, 37, 57);\n}\n<\/style>\n\t<\/div>\n\t\n<p>Jokaisella rekisteriss\u00e4 olevalla henkil\u00f6ll\u00e4 on oikeus tarkistaa rekisteriin tallennetut tietonsa ja vaatia mahdollisen virheellisen tiedon korjaamista tai puutteellisen tiedon t\u00e4ydent\u00e4mist\u00e4. Mik\u00e4li henkil\u00f6 haluaa tarkistaa h\u00e4nest\u00e4 tallennetut tiedot tai vaatia niihin oikaisua, pyynt\u00f6 tulee l\u00e4hett\u00e4\u00e4 kirjallisesti rekisterinpit\u00e4j\u00e4lle. Rekisterinpit\u00e4j\u00e4 voi pyyt\u00e4\u00e4 tarvittaessa pyynn\u00f6n esitt\u00e4j\u00e4\u00e4 todistamaan henkil\u00f6llisyytens\u00e4. Rekisterinpit\u00e4j\u00e4 vastaa asiakkaalle EU:n tietosuoja-asetuksessa s\u00e4\u00e4detyss\u00e4 ajassa (p\u00e4\u00e4s\u00e4\u00e4nt\u00f6isesti kuukauden kuluessa).<\/p>\n\t\t<\/div>\n\t\t\t\t\t<\/div>\n\n\t\n<\/div>\n<div class=\"row\" style=\"max-width:1200px\" id=\"row-1185011994\">\n\n\t<div id=\"col-1434926111\" class=\"col small-12 large-12\"  >\n\t\t\t\t<div class=\"col-inner\"  >\n\t\t\t\n\t\t\t\n\t<div id=\"text-1975550575\" class=\"text\">\n\t\t\n<h4>10. Muut henkil\u00f6tietojen k\u00e4sittelyyn liittyv\u00e4t oikeudet<\/h4>\n\t\t\n<style>\n#text-1975550575 {\n  color: rgb(6, 37, 57);\n}\n#text-1975550575 > * {\n  color: rgb(6, 37, 57);\n}\n<\/style>\n\t<\/div>\n\t\n<p>Rekisteriss\u00e4 olevalla henkil\u00f6ll\u00e4 on oikeus pyyt\u00e4\u00e4 h\u00e4nt\u00e4 koskevien henkil\u00f6tietojen poistamiseen rekisterist\u00e4 (\u201doikeus tulla unohdetuksi\u201d). Niin ik\u00e4\u00e4n rekister\u00f6idyill\u00e4 on muut EU:n yleisen tietosuoja-asetuksen mukaiset oikeudet kuten henkil\u00f6tietojen k\u00e4sittelyn rajoittaminen tietyiss\u00e4 tilanteissa. Pyynn\u00f6t tulee l\u00e4hett\u00e4\u00e4 kirjallisesti rekisterinpit\u00e4j\u00e4lle. Rekisterinpit\u00e4j\u00e4 voi pyyt\u00e4\u00e4 tarvittaessa pyynn\u00f6n esitt\u00e4j\u00e4\u00e4 todistamaan henkil\u00f6llisyytens\u00e4. Rekisterinpit\u00e4j\u00e4 vastaa asiakkaalle EU:n tietosuoja-asetuksessa s\u00e4\u00e4detyss\u00e4 ajassa (p\u00e4\u00e4s\u00e4\u00e4nt\u00f6isesti kuukauden kuluessa).<\/p>\n\t\t<\/div>\n\t\t\t\t\t<\/div>\n\n\t\n<\/div>\n<div class=\"row\" style=\"max-width:1200px\" id=\"row-1007363099\">\n\n\t<div id=\"col-1240893592\" class=\"col small-12 large-12\"  >\n\t\t\t\t<div class=\"col-inner\"  >\n\t\t\t\n\t\t\t\n\t<div id=\"text-1287101581\" class=\"text\">\n\t\t\n<h1>Ev\u00e4stek\u00e4yt\u00e4nt\u00f6<\/h1>\n\t\t\n<style>\n#text-1287101581 {\n  color: rgb(6, 37, 57);\n}\n#text-1287101581 > * {\n  color: rgb(6, 37, 57);\n}\n<\/style>\n\t<\/div>\n\t\n<p>Saatamme tallentaa ev\u00e4steiksi kutsuttuja tietoja k\u00e4ytt\u00e4m\u00e4\u00e4si tietokoneeseen tai mobiililaitteeseen tunnistamistasi varten, jos olet hyv\u00e4ksynyt t\u00e4m\u00e4n esimerkiksi antamalla suostumuksen tai muuttamalla selaimen asetuksia. Ev\u00e4steiden avulla saamme tietoja siit\u00e4, miten ja milloin olet k\u00e4ytt\u00e4nyt sivustoa, ja voimme parantaa palveluamme kehitt\u00e4m\u00e4ll\u00e4 sivustoa. Ev\u00e4steiden k\u00e4ytt\u00f6 verkkosivustoilla on nyky\u00e4\u00e4n tavallista. Jos et halua vastaanottaa ev\u00e4steit\u00e4, voit poistaa ne k\u00e4yt\u00f6st\u00e4 muuttamalla verkkoselaimesi asetuksia tai k\u00e4ytt\u00e4m\u00e4ll\u00e4 ev\u00e4steasetuksia.<\/p>\n<p>Huomaa kuitenkin, ett\u00e4 ev\u00e4steiden poistaminen k\u00e4yt\u00f6st\u00e4 voi est\u00e4\u00e4 sinua k\u00e4ytt\u00e4m\u00e4st\u00e4 tiettyj\u00e4 sivuston palveluja.<\/p>\n<p>Sivustomme voi sis\u00e4lt\u00e4\u00e4 linkkej\u00e4 kolmansien osapuolien yll\u00e4pit\u00e4mille sivustoille. Emme vastaa t\u00e4llaisten oman sivustonsa ulkopuolisten sivustojen sis\u00e4ll\u00f6st\u00e4 tai yksityisyydensuojak\u00e4yt\u00e4nn\u00f6ist\u00e4. Suosittelemme, ett\u00e4 tutustut huolellisesti jokaisen sivuston yksityisyydensuojaa koskeviin ehtoihin.<\/p>\n\t\t<\/div>\n\t\t\t\t\n<style>\n#col-1240893592 > .col-inner {\n  margin: 0px 0px -45px 0px;\n}\n<\/style>\n\t<\/div>\n\n\t\n<\/div>\n","protected":false},"excerpt":{"rendered":"","protected":false},"author":1,"featured_media":0,"parent":0,"menu_order":0,"comment_status":"closed","ping_status":"closed","template":"","meta":{"footnotes":""},"class_list":["post-546","page","type-page","status-publish","hentry"],"yoast_head":"<title>Tietosuojaseloste - Piiraisen Viherpalvelu<\/title>\n<meta name=\"description\" content=\"Ta\u0308ma\u0308n tietosuojaselosteen tarkoituksena on kertoa Sinulle asiakkaamme, mink\u00e4 tyyppisi\u00e4 tietoja ker\u00e4\u00e4mme verkkosivuiltamme, miten tietoja k\u00e4sitell\u00e4\u00e4n ja\" \/>\n<meta name=\"robots\" content=\"noindex, follow, max-snippet:-1, max-image-preview:large, max-video-preview:-1\" \/>\n<meta property=\"og:locale\" content=\"fi_FI\" \/>\n<meta property=\"og:type\" content=\"article\" \/>\n<meta property=\"og:title\" content=\"Tietosuojaseloste - Piiraisen Viherpalvelu\" \/>\n<meta property=\"og:description\" content=\"Ta\u0308ma\u0308n tietosuojaselosteen tarkoituksena on kertoa Sinulle asiakkaamme, mink\u00e4 tyyppisi\u00e4 tietoja ker\u00e4\u00e4mme verkkosivuiltamme, miten tietoja k\u00e4sitell\u00e4\u00e4n ja\" \/>\n<meta property=\"og:url\" content=\"https:\/\/varasto.piiraisen.fi\/staging\/tietosuojaseloste\/\" \/>\n<meta property=\"og:site_name\" content=\"Piiraisen Viherpalvelu\" \/>\n<meta property=\"article:publisher\" content=\"https:\/\/www.facebook.com\/piiraisenviherpalvelu\" \/>\n<meta property=\"article:modified_time\" content=\"2025-02-04T09:27:55+00:00\" \/>\n<meta property=\"og:image\" content=\"https:\/\/varasto.piiraisen.fi\/staging\/wp-content\/uploads\/Viherrakentaminen_kuva1.png\" \/>\n\t<meta property=\"og:image:width\" content=\"470\" \/>\n\t<meta property=\"og:image:height\" content=\"592\" \/>\n\t<meta property=\"og:image:type\" content=\"image\/png\" \/>\n<meta name=\"twitter:card\" content=\"summary_large_image\" \/>\n<meta name=\"twitter:label1\" content=\"Arvioitu lukuaika\" \/>\n\t<meta name=\"twitter:data1\" content=\"5 minuuttia\" \/>\n<script type=\"application\/ld+json\" class=\"yoast-schema-graph\">{\"@context\":\"https:\\\/\\\/schema.org\",\"@graph\":[{\"@type\":\"WebPage\",\"@id\":\"https:\\\/\\\/varasto.piiraisen.fi\\\/staging\\\/tietosuojaseloste\\\/\",\"url\":\"https:\\\/\\\/varasto.piiraisen.fi\\\/staging\\\/tietosuojaseloste\\\/\",\"name\":\"Tietosuojaseloste - Piiraisen Viherpalvelu\",\"isPartOf\":{\"@id\":\"https:\\\/\\\/varasto.piiraisen.fi\\\/staging\\\/#website\"},\"datePublished\":\"2023-03-17T06:50:26+00:00\",\"dateModified\":\"2025-02-04T09:27:55+00:00\",\"description\":\"Ta\u0308ma\u0308n tietosuojaselosteen tarkoituksena on kertoa Sinulle asiakkaamme, mink\u00e4 tyyppisi\u00e4 tietoja ker\u00e4\u00e4mme verkkosivuiltamme, miten tietoja k\u00e4sitell\u00e4\u00e4n ja\",\"breadcrumb\":{\"@id\":\"https:\\\/\\\/varasto.piiraisen.fi\\\/staging\\\/tietosuojaseloste\\\/#breadcrumb\"},\"inLanguage\":\"fi\",\"potentialAction\":[{\"@type\":\"ReadAction\",\"target\":[\"https:\\\/\\\/varasto.piiraisen.fi\\\/staging\\\/tietosuojaseloste\\\/\"]}]},{\"@type\":\"BreadcrumbList\",\"@id\":\"https:\\\/\\\/varasto.piiraisen.fi\\\/staging\\\/tietosuojaseloste\\\/#breadcrumb\",\"itemListElement\":[{\"@type\":\"ListItem\",\"position\":1,\"name\":\"Home\",\"item\":\"https:\\\/\\\/piiraisenviherpalvelu.fi\\\/\"},{\"@type\":\"ListItem\",\"position\":2,\"name\":\"Tietosuojaseloste\"}]},{\"@type\":\"WebSite\",\"@id\":\"https:\\\/\\\/varasto.piiraisen.fi\\\/staging\\\/#website\",\"url\":\"https:\\\/\\\/varasto.piiraisen.fi\\\/staging\\\/\",\"name\":\"Piiraisen Viherpalvelu\",\"description\":\"\",\"publisher\":{\"@id\":\"https:\\\/\\\/varasto.piiraisen.fi\\\/staging\\\/#organization\"},\"alternateName\":\"Piiraisen Viherpalvelu\",\"potentialAction\":[{\"@type\":\"SearchAction\",\"target\":{\"@type\":\"EntryPoint\",\"urlTemplate\":\"https:\\\/\\\/varasto.piiraisen.fi\\\/staging\\\/?s={search_term_string}\"},\"query-input\":{\"@type\":\"PropertyValueSpecification\",\"valueRequired\":true,\"valueName\":\"search_term_string\"}}],\"inLanguage\":\"fi\"},{\"@type\":\"Organization\",\"@id\":\"https:\\\/\\\/varasto.piiraisen.fi\\\/staging\\\/#organization\",\"name\":\"Piiraisen Viherpalvelu\",\"url\":\"https:\\\/\\\/varasto.piiraisen.fi\\\/staging\\\/\",\"logo\":{\"@type\":\"ImageObject\",\"inLanguage\":\"fi\",\"@id\":\"https:\\\/\\\/varasto.piiraisen.fi\\\/staging\\\/#\\\/schema\\\/logo\\\/image\\\/\",\"url\":\"https:\\\/\\\/varasto.piiraisen.fi\\\/staging\\\/wp-content\\\/uploads\\\/Viherrakentaminen_kuva1.png\",\"contentUrl\":\"https:\\\/\\\/varasto.piiraisen.fi\\\/staging\\\/wp-content\\\/uploads\\\/Viherrakentaminen_kuva1.png\",\"width\":470,\"height\":592,\"caption\":\"Piiraisen Viherpalvelu\"},\"image\":{\"@id\":\"https:\\\/\\\/varasto.piiraisen.fi\\\/staging\\\/#\\\/schema\\\/logo\\\/image\\\/\"},\"sameAs\":[\"https:\\\/\\\/www.facebook.com\\\/piiraisenviherpalvelu\",\"https:\\\/\\\/www.instagram.com\\\/piiraisenkuntta\\\/\"]}]}<\/script>","yoast_head_json":{"title":"Tietosuojaseloste - Piiraisen Viherpalvelu","description":"Ta\u0308ma\u0308n tietosuojaselosteen tarkoituksena on kertoa Sinulle asiakkaamme, mink\u00e4 tyyppisi\u00e4 tietoja ker\u00e4\u00e4mme verkkosivuiltamme, miten tietoja k\u00e4sitell\u00e4\u00e4n ja","robots":{"index":"noindex","follow":"follow","max-snippet":"max-snippet:-1","max-image-preview":"max-image-preview:large","max-video-preview":"max-video-preview:-1"},"og_locale":"fi_FI","og_type":"article","og_title":"Tietosuojaseloste - Piiraisen Viherpalvelu","og_description":"Ta\u0308ma\u0308n tietosuojaselosteen tarkoituksena on kertoa Sinulle asiakkaamme, mink\u00e4 tyyppisi\u00e4 tietoja ker\u00e4\u00e4mme verkkosivuiltamme, miten tietoja k\u00e4sitell\u00e4\u00e4n ja","og_url":"https:\/\/varasto.piiraisen.fi\/staging\/tietosuojaseloste\/","og_site_name":"Piiraisen Viherpalvelu","article_publisher":"https:\/\/www.facebook.com\/piiraisenviherpalvelu","article_modified_time":"2025-02-04T09:27:55+00:00","og_image":[{"width":470,"height":592,"url":"https:\/\/varasto.piiraisen.fi\/staging\/wp-content\/uploads\/Viherrakentaminen_kuva1.png","type":"image\/png"}],"twitter_card":"summary_large_image","twitter_misc":{"Arvioitu lukuaika":"5 minuuttia"},"schema":{"@context":"https:\/\/schema.org","@graph":[{"@type":"WebPage","@id":"https:\/\/varasto.piiraisen.fi\/staging\/tietosuojaseloste\/","url":"https:\/\/varasto.piiraisen.fi\/staging\/tietosuojaseloste\/","name":"Tietosuojaseloste - Piiraisen Viherpalvelu","isPartOf":{"@id":"https:\/\/varasto.piiraisen.fi\/staging\/#website"},"datePublished":"2023-03-17T06:50:26+00:00","dateModified":"2025-02-04T09:27:55+00:00","description":"Ta\u0308ma\u0308n tietosuojaselosteen tarkoituksena on kertoa Sinulle asiakkaamme, mink\u00e4 tyyppisi\u00e4 tietoja ker\u00e4\u00e4mme verkkosivuiltamme, miten tietoja k\u00e4sitell\u00e4\u00e4n ja","breadcrumb":{"@id":"https:\/\/varasto.piiraisen.fi\/staging\/tietosuojaseloste\/#breadcrumb"},"inLanguage":"fi","potentialAction":[{"@type":"ReadAction","target":["https:\/\/varasto.piiraisen.fi\/staging\/tietosuojaseloste\/"]}]},{"@type":"BreadcrumbList","@id":"https:\/\/varasto.piiraisen.fi\/staging\/tietosuojaseloste\/#breadcrumb","itemListElement":[{"@type":"ListItem","position":1,"name":"Home","item":"https:\/\/piiraisenviherpalvelu.fi\/"},{"@type":"ListItem","position":2,"name":"Tietosuojaseloste"}]},{"@type":"WebSite","@id":"https:\/\/varasto.piiraisen.fi\/staging\/#website","url":"https:\/\/varasto.piiraisen.fi\/staging\/","name":"Piiraisen Viherpalvelu","description":"","publisher":{"@id":"https:\/\/varasto.piiraisen.fi\/staging\/#organization"},"alternateName":"Piiraisen Viherpalvelu","potentialAction":[{"@type":"SearchAction","target":{"@type":"EntryPoint","urlTemplate":"https:\/\/varasto.piiraisen.fi\/staging\/?s={search_term_string}"},"query-input":{"@type":"PropertyValueSpecification","valueRequired":true,"valueName":"search_term_string"}}],"inLanguage":"fi"},{"@type":"Organization","@id":"https:\/\/varasto.piiraisen.fi\/staging\/#organization","name":"Piiraisen Viherpalvelu","url":"https:\/\/varasto.piiraisen.fi\/staging\/","logo":{"@type":"ImageObject","inLanguage":"fi","@id":"https:\/\/varasto.piiraisen.fi\/staging\/#\/schema\/logo\/image\/","url":"https:\/\/varasto.piiraisen.fi\/staging\/wp-content\/uploads\/Viherrakentaminen_kuva1.png","contentUrl":"https:\/\/varasto.piiraisen.fi\/staging\/wp-content\/uploads\/Viherrakentaminen_kuva1.png","width":470,"height":592,"caption":"Piiraisen Viherpalvelu"},"image":{"@id":"https:\/\/varasto.piiraisen.fi\/staging\/#\/schema\/logo\/image\/"},"sameAs":["https:\/\/www.facebook.com\/piiraisenviherpalvelu","https:\/\/www.instagram.com\/piiraisenkuntta\/"]}]}},"_links":{"self":[{"href":"https:\/\/varasto.piiraisen.fi\/staging\/wp-json\/wp\/v2\/pages\/546","targetHints":{"allow":["GET"]}}],"collection":[{"href":"https:\/\/varasto.piiraisen.fi\/staging\/wp-json\/wp\/v2\/pages"}],"about":[{"href":"https:\/\/varasto.piiraisen.fi\/staging\/wp-json\/wp\/v2\/types\/page"}],"author":[{"embeddable":true,"href":"https:\/\/varasto.piiraisen.fi\/staging\/wp-json\/wp\/v2\/users\/1"}],"replies":[{"embeddable":true,"href":"https:\/\/varasto.piiraisen.fi\/staging\/wp-json\/wp\/v2\/comments?post=546"}],"version-history":[{"count":3,"href":"https:\/\/varasto.piiraisen.fi\/staging\/wp-json\/wp\/v2\/pages\/546\/revisions"}],"predecessor-version":[{"id":2019,"href":"https:\/\/varasto.piiraisen.fi\/staging\/wp-json\/wp\/v2\/pages\/546\/revisions\/2019"}],"wp:attachment":[{"href":"https:\/\/varasto.piiraisen.fi\/staging\/wp-json\/wp\/v2\/media?parent=546"}],"curies":[{"name":"wp","href":"https:\/\/api.w.org\/{rel}","templated":true}]}}